{"id":12,"date":"2021-08-29T23:49:03","date_gmt":"2021-08-30T05:49:03","guid":{"rendered":"https:\/\/equimedsv.com\/my-account\/"},"modified":"2021-10-06T21:20:03","modified_gmt":"2021-10-07T03:20:03","slug":"mi-cuenta-2","status":"publish","type":"page","link":"https:\/\/equimedsv.com\/en\/mi-cuenta-2\/","title":{"rendered":"My Account"},"content":{"rendered":"<div class=\"woocommerce\"><\/div>","protected":false},"excerpt":{"rendered":"","protected":false},"author":1,"featured_media":0,"parent":0,"menu_order":0,"comment_status":"closed","ping_status":"closed","template":"","meta":{"footnotes":""},"class_list":["post-12","page","type-page","status-publish","hentry"],"yoast_head":"<!-- This site is optimized with the Yoast SEO plugin v26.7 - https:\/\/yoast.com\/wordpress\/plugins\/seo\/ -->\n<title>Mi Cuenta - Equimed El Salvador<\/title>\n<meta name=\"robots\" content=\"noindex, nofollow\" \/>\n<meta property=\"og:locale\" content=\"en_US\" \/>\n<meta property=\"og:type\" content=\"article\" \/>\n<meta property=\"og:title\" content=\"Mi Cuenta - Equimed El Salvador\" \/>\n<meta property=\"og:url\" content=\"https:\/\/equimedsv.com\/en\/mi-cuenta-2\/\" \/>\n<meta property=\"og:site_name\" content=\"Equimed El Salvador\" \/>\n<meta property=\"article:publisher\" content=\"https:\/\/es-la.facebook.com\/Equimedsv\/\" \/>\n<meta property=\"article:modified_time\" content=\"2021-10-07T03:20:03+00:00\" \/>\n<meta name=\"twitter:card\" content=\"summary_large_image\" \/>\n<meta name=\"twitter:site\" content=\"@equimedsv\" \/>\n<meta name=\"twitter:label1\" content=\"Est. reading time\" \/>\n\t<meta name=\"twitter:data1\" content=\"1 minute\" \/>\n<script type=\"application\/ld+json\" class=\"yoast-schema-graph\">{\"@context\":\"https:\/\/schema.org\",\"@graph\":[{\"@type\":\"WebPage\",\"@id\":\"https:\/\/equimedsv.com\/mi-cuenta-2\/\",\"url\":\"https:\/\/equimedsv.com\/mi-cuenta-2\/\",\"name\":\"Mi Cuenta - Equimed El Salvador\",\"isPartOf\":{\"@id\":\"https:\/\/equimedsv.com\/#website\"},\"datePublished\":\"2021-08-30T05:49:03+00:00\",\"dateModified\":\"2021-10-07T03:20:03+00:00\",\"breadcrumb\":{\"@id\":\"https:\/\/equimedsv.com\/mi-cuenta-2\/#breadcrumb\"},\"inLanguage\":\"en-US\",\"potentialAction\":[{\"@type\":\"ReadAction\",\"target\":[\"https:\/\/equimedsv.com\/mi-cuenta-2\/\"]}]},{\"@type\":\"BreadcrumbList\",\"@id\":\"https:\/\/equimedsv.com\/mi-cuenta-2\/#breadcrumb\",\"itemListElement\":[{\"@type\":\"ListItem\",\"position\":1,\"name\":\"Portada\",\"item\":\"https:\/\/equimedsv.com\/\"},{\"@type\":\"ListItem\",\"position\":2,\"name\":\"Mi Cuenta\"}]},{\"@type\":\"WebSite\",\"@id\":\"https:\/\/equimedsv.com\/#website\",\"url\":\"https:\/\/equimedsv.com\/\",\"name\":\"Equimed El Salvador\",\"description\":\"Distribuci\u00f3n, Venta y Reparaci\u00f3n de Equipos M\u00e9dicos y Hospitalario\",\"publisher\":{\"@id\":\"https:\/\/equimedsv.com\/#organization\"},\"potentialAction\":[{\"@type\":\"SearchAction\",\"target\":{\"@type\":\"EntryPoint\",\"urlTemplate\":\"https:\/\/equimedsv.com\/?s={search_term_string}\"},\"query-input\":{\"@type\":\"PropertyValueSpecification\",\"valueRequired\":true,\"valueName\":\"search_term_string\"}}],\"inLanguage\":\"en-US\"},{\"@type\":\"Organization\",\"@id\":\"https:\/\/equimedsv.com\/#organization\",\"name\":\"Equimed El Salvador\",\"url\":\"https:\/\/equimedsv.com\/\",\"logo\":{\"@type\":\"ImageObject\",\"inLanguage\":\"en-US\",\"@id\":\"https:\/\/equimedsv.com\/#\/schema\/logo\/image\/\",\"url\":\"https:\/\/equimedsv.com\/wp-content\/uploads\/2021\/10\/Logo-equimed-actual.png\",\"contentUrl\":\"https:\/\/equimedsv.com\/wp-content\/uploads\/2021\/10\/Logo-equimed-actual.png\",\"width\":3426,\"height\":731,\"caption\":\"Equimed El Salvador\"},\"image\":{\"@id\":\"https:\/\/equimedsv.com\/#\/schema\/logo\/image\/\"},\"sameAs\":[\"https:\/\/es-la.facebook.com\/Equimedsv\/\",\"https:\/\/x.com\/equimedsv\",\"https:\/\/www.instagram.com\/equimed_sv\/\"]}]}<\/script>\n<!-- \/ Yoast SEO plugin. -->","yoast_head_json":{"title":"Mi Cuenta - Equimed El Salvador","robots":{"index":"noindex","follow":"nofollow"},"og_locale":"en_US","og_type":"article","og_title":"Mi Cuenta - Equimed El Salvador","og_url":"https:\/\/equimedsv.com\/en\/mi-cuenta-2\/","og_site_name":"Equimed El Salvador","article_publisher":"https:\/\/es-la.facebook.com\/Equimedsv\/","article_modified_time":"2021-10-07T03:20:03+00:00","twitter_card":"summary_large_image","twitter_site":"@equimedsv","twitter_misc":{"Est. reading time":"1 minute"},"schema":{"@context":"https:\/\/schema.org","@graph":[{"@type":"WebPage","@id":"https:\/\/equimedsv.com\/mi-cuenta-2\/","url":"https:\/\/equimedsv.com\/mi-cuenta-2\/","name":"Mi Cuenta - Equimed El Salvador","isPartOf":{"@id":"https:\/\/equimedsv.com\/#website"},"datePublished":"2021-08-30T05:49:03+00:00","dateModified":"2021-10-07T03:20:03+00:00","breadcrumb":{"@id":"https:\/\/equimedsv.com\/mi-cuenta-2\/#breadcrumb"},"inLanguage":"en-US","potentialAction":[{"@type":"ReadAction","target":["https:\/\/equimedsv.com\/mi-cuenta-2\/"]}]},{"@type":"BreadcrumbList","@id":"https:\/\/equimedsv.com\/mi-cuenta-2\/#breadcrumb","itemListElement":[{"@type":"ListItem","position":1,"name":"Portada","item":"https:\/\/equimedsv.com\/"},{"@type":"ListItem","position":2,"name":"Mi Cuenta"}]},{"@type":"WebSite","@id":"https:\/\/equimedsv.com\/#website","url":"https:\/\/equimedsv.com\/","name":"Equimed El Salvador","description":"Distribuci\u00f3n, Venta y Reparaci\u00f3n de Equipos M\u00e9dicos y Hospitalario","publisher":{"@id":"https:\/\/equimedsv.com\/#organization"},"potentialAction":[{"@type":"SearchAction","target":{"@type":"EntryPoint","urlTemplate":"https:\/\/equimedsv.com\/?s={search_term_string}"},"query-input":{"@type":"PropertyValueSpecification","valueRequired":true,"valueName":"search_term_string"}}],"inLanguage":"en-US"},{"@type":"Organization","@id":"https:\/\/equimedsv.com\/#organization","name":"Equimed El Salvador","url":"https:\/\/equimedsv.com\/","logo":{"@type":"ImageObject","inLanguage":"en-US","@id":"https:\/\/equimedsv.com\/#\/schema\/logo\/image\/","url":"https:\/\/equimedsv.com\/wp-content\/uploads\/2021\/10\/Logo-equimed-actual.png","contentUrl":"https:\/\/equimedsv.com\/wp-content\/uploads\/2021\/10\/Logo-equimed-actual.png","width":3426,"height":731,"caption":"Equimed El Salvador"},"image":{"@id":"https:\/\/equimedsv.com\/#\/schema\/logo\/image\/"},"sameAs":["https:\/\/es-la.facebook.com\/Equimedsv\/","https:\/\/x.com\/equimedsv","https:\/\/www.instagram.com\/equimed_sv\/"]}]}},"jetpack_sharing_enabled":true,"_links":{"self":[{"href":"https:\/\/equimedsv.com\/en\/wp-json\/wp\/v2\/pages\/12","targetHints":{"allow":["GET"]}}],"collection":[{"href":"https:\/\/equimedsv.com\/en\/wp-json\/wp\/v2\/pages"}],"about":[{"href":"https:\/\/equimedsv.com\/en\/wp-json\/wp\/v2\/types\/page"}],"author":[{"embeddable":true,"href":"https:\/\/equimedsv.com\/en\/wp-json\/wp\/v2\/users\/1"}],"replies":[{"embeddable":true,"href":"https:\/\/equimedsv.com\/en\/wp-json\/wp\/v2\/comments?post=12"}],"version-history":[{"count":1,"href":"https:\/\/equimedsv.com\/en\/wp-json\/wp\/v2\/pages\/12\/revisions"}],"predecessor-version":[{"id":1568,"href":"https:\/\/equimedsv.com\/en\/wp-json\/wp\/v2\/pages\/12\/revisions\/1568"}],"wp:attachment":[{"href":"https:\/\/equimedsv.com\/en\/wp-json\/wp\/v2\/media?parent=12"}],"curies":[{"name":"wp","href":"https:\/\/api.w.org\/{rel}","templated":true}]}}