{"id":443,"date":"2020-10-09T05:25:40","date_gmt":"2020-10-09T05:25:40","guid":{"rendered":"http:\/\/klbtheme.com\/medibazar\/?page_id=432"},"modified":"2025-01-28T06:41:15","modified_gmt":"2025-01-28T12:41:15","slug":"preguntas-frecuentes","status":"publish","type":"page","link":"https:\/\/equimedsv.com\/en\/preguntas-frecuentes\/","title":{"rendered":"F.A.Q."},"content":{"rendered":"<div data-elementor-type=\"wp-page\" data-elementor-id=\"443\" class=\"elementor elementor-443\">\n\t\t\t\t\t\t<section class=\"elementor-section elementor-top-section elementor-element elementor-element-4d35e3e elementor-section-boxed elementor-section-height-default elementor-section-height-default wd-section-disabled\" data-id=\"4d35e3e\" data-element_type=\"section\">\n\t\t\t\t\t\t<div class=\"elementor-container elementor-column-gap-extended\">\n\t\t\t\t\t<div class=\"elementor-column elementor-col-100 elementor-top-column elementor-element elementor-element-8e8b130\" data-id=\"8e8b130\" data-element_type=\"column\">\n\t\t\t<div class=\"elementor-widget-wrap elementor-element-populated\">\n\t\t\t\t\t\t<div class=\"elementor-element elementor-element-32aadc4 elementor-widget elementor-widget-heading\" data-id=\"32aadc4\" data-element_type=\"widget\" data-widget_type=\"heading.default\">\n\t\t\t\t<div class=\"elementor-widget-container\">\n\t\t\t\t\t<h1 class=\"elementor-heading-title elementor-size-default\">F.A.Q.<\/h1>\t\t\t\t<\/div>\n\t\t\t\t<\/div>\n\t\t\t\t<div class=\"elementor-element elementor-element-f6ec686 elementor-widget elementor-widget-accordion\" data-id=\"f6ec686\" data-element_type=\"widget\" data-widget_type=\"accordion.default\">\n\t\t\t\t<div class=\"elementor-widget-container\">\n\t\t\t\t\t\t\t<div class=\"elementor-accordion\">\n\t\t\t\t\t\t\t<div class=\"elementor-accordion-item\">\n\t\t\t\t\t<div id=\"elementor-tab-title-2581\" class=\"elementor-tab-title\" data-tab=\"1\" role=\"button\" aria-controls=\"elementor-tab-content-2581\" aria-expanded=\"false\">\n\t\t\t\t\t\t\t\t\t\t\t\t\t<span class=\"elementor-accordion-icon elementor-accordion-icon-right\" aria-hidden=\"true\">\n\t\t\t\t\t\t\t\t\t\t\t\t\t\t\t<span class=\"elementor-accordion-icon-closed\"><i class=\"fas fa-plus\"><\/i><\/span>\n\t\t\t\t\t\t\t\t<span class=\"elementor-accordion-icon-opened\"><i class=\"fas fa-minus\"><\/i><\/span>\n\t\t\t\t\t\t\t\t\t\t\t\t\t\t<\/span>\n\t\t\t\t\t\t\t\t\t\t\t\t<a class=\"elementor-accordion-title\" tabindex=\"0\">\u00bfC\u00f3mo puedo comprar en equimedsv.com?<\/a>\n\t\t\t\t\t<\/div>\n\t\t\t\t\t<div id=\"elementor-tab-content-2581\" class=\"elementor-tab-content elementor-clearfix\" data-tab=\"1\" role=\"region\" aria-labelledby=\"elementor-tab-title-2581\"><ol><li>1. Ingresa a nuestro sitio\u00a0<strong><span style=\"color: #079943;\"><a style=\"color: #079943;\" href=\"https:\/\/equimedsv.com\/en\/\">https:\/\/equimedsv.com<\/a><\/span><\/strong><\/li><li>2. Busca y encuentra lo que necesitas navegando por las diferentes categor\u00edas de nuestra <strong><span style=\"color: #079943;\"><a style=\"color: #079943;\" href=\"https:\/\/equimedsv.com\/en\/tienda\/\">Tienda<\/a><\/span><\/strong><\/li><li>3. Escoja su producto y agr\u00e9guelo al carrito de compras<\/li><li>4. En el boton \u00abMi Carrito\u00bb seleccione la opci\u00f3n \u00abFinalizar Compra\u00bb.<\/li><li>5. Ingrese sus datos y realice el pago.<\/li><li>6. Recibir\u00e1 un correo electr\u00f3nico con la confirmaci\u00f3n de su compra.<\/li><\/ol><\/div>\n\t\t\t\t<\/div>\n\t\t\t\t\t\t\t<div class=\"elementor-accordion-item\">\n\t\t\t\t\t<div id=\"elementor-tab-title-2582\" class=\"elementor-tab-title\" data-tab=\"2\" role=\"button\" aria-controls=\"elementor-tab-content-2582\" aria-expanded=\"false\">\n\t\t\t\t\t\t\t\t\t\t\t\t\t<span class=\"elementor-accordion-icon elementor-accordion-icon-right\" aria-hidden=\"true\">\n\t\t\t\t\t\t\t\t\t\t\t\t\t\t\t<span class=\"elementor-accordion-icon-closed\"><i class=\"fas fa-plus\"><\/i><\/span>\n\t\t\t\t\t\t\t\t<span class=\"elementor-accordion-icon-opened\"><i class=\"fas fa-minus\"><\/i><\/span>\n\t\t\t\t\t\t\t\t\t\t\t\t\t\t<\/span>\n\t\t\t\t\t\t\t\t\t\t\t\t<a class=\"elementor-accordion-title\" tabindex=\"0\">\u00bfC\u00f3mo puedo registrarme?<\/a>\n\t\t\t\t\t<\/div>\n\t\t\t\t\t<div id=\"elementor-tab-content-2582\" class=\"elementor-tab-content elementor-clearfix\" data-tab=\"2\" role=\"region\" aria-labelledby=\"elementor-tab-title-2582\"><p>Para registrarte en nuestro sitio www.equimedsv.com sigue los siguientes pasos:<\/p><ol><li>1. Haz clic en el boton \u00abIngresar o Registrarme\u00bb<\/li><\/ol><p><img fetchpriority=\"high\" decoding=\"async\" class=\"alignnone wp-image-1578 size-large\" src=\"https:\/\/equimedsv.com\/wp-content\/uploads\/2021\/10\/2021-10-06_04h40_08-1-1024x443.png\" alt=\"\" width=\"960\" height=\"415\" srcset=\"https:\/\/equimedsv.com\/wp-content\/uploads\/2021\/10\/2021-10-06_04h40_08-1-1024x443.png 1024w, https:\/\/equimedsv.com\/wp-content\/uploads\/2021\/10\/2021-10-06_04h40_08-1-430x186.png 430w, https:\/\/equimedsv.com\/wp-content\/uploads\/2021\/10\/2021-10-06_04h40_08-1-150x65.png 150w, https:\/\/equimedsv.com\/wp-content\/uploads\/2021\/10\/2021-10-06_04h40_08-1-700x303.png 700w, https:\/\/equimedsv.com\/wp-content\/uploads\/2021\/10\/2021-10-06_04h40_08-1-300x130.png 300w, https:\/\/equimedsv.com\/wp-content\/uploads\/2021\/10\/2021-10-06_04h40_08-1-768x333.png 768w, https:\/\/equimedsv.com\/wp-content\/uploads\/2021\/10\/2021-10-06_04h40_08-1-1536x665.png 1536w, https:\/\/equimedsv.com\/wp-content\/uploads\/2021\/10\/2021-10-06_04h40_08-1-600x260.png 600w, https:\/\/equimedsv.com\/wp-content\/uploads\/2021\/10\/2021-10-06_04h40_08-1-90x39.png 90w, https:\/\/equimedsv.com\/wp-content\/uploads\/2021\/10\/2021-10-06_04h40_08-1.png 1905w\" sizes=\"(max-width: 960px) 100vw, 960px\" \/><\/p><ol><li>2. Ingresa tu direcci\u00f3n de correo electr\u00f3nico<\/li><\/ol><p><img decoding=\"async\" class=\"alignnone wp-image-1579 size-large\" src=\"https:\/\/equimedsv.com\/wp-content\/uploads\/2021\/10\/2021-10-06_04h45_34-1024x357.png\" alt=\"\" width=\"960\" height=\"335\" srcset=\"https:\/\/equimedsv.com\/wp-content\/uploads\/2021\/10\/2021-10-06_04h45_34-1024x357.png 1024w, https:\/\/equimedsv.com\/wp-content\/uploads\/2021\/10\/2021-10-06_04h45_34-430x150.png 430w, https:\/\/equimedsv.com\/wp-content\/uploads\/2021\/10\/2021-10-06_04h45_34-150x52.png 150w, https:\/\/equimedsv.com\/wp-content\/uploads\/2021\/10\/2021-10-06_04h45_34-700x244.png 700w, https:\/\/equimedsv.com\/wp-content\/uploads\/2021\/10\/2021-10-06_04h45_34-300x104.png 300w, https:\/\/equimedsv.com\/wp-content\/uploads\/2021\/10\/2021-10-06_04h45_34-768x267.png 768w, https:\/\/equimedsv.com\/wp-content\/uploads\/2021\/10\/2021-10-06_04h45_34-600x209.png 600w, https:\/\/equimedsv.com\/wp-content\/uploads\/2021\/10\/2021-10-06_04h45_34-90x31.png 90w, https:\/\/equimedsv.com\/wp-content\/uploads\/2021\/10\/2021-10-06_04h45_34.png 1416w\" sizes=\"(max-width: 960px) 100vw, 960px\" \/><\/p><ol><li>3. Haz clic en el boton \u00abRegistrate\u00bb para completar el proceso<\/li><\/ol><p>Al completar el proceso recibiras una notificaci\u00f3n a tu correo el\u00e9ctronico en donde tambien encontrar\u00e1s tu contrase\u00f1a temporal de acceso.<\/p><\/div>\n\t\t\t\t<\/div>\n\t\t\t\t\t\t\t<div class=\"elementor-accordion-item\">\n\t\t\t\t\t<div id=\"elementor-tab-title-2583\" class=\"elementor-tab-title\" data-tab=\"3\" role=\"button\" aria-controls=\"elementor-tab-content-2583\" aria-expanded=\"false\">\n\t\t\t\t\t\t\t\t\t\t\t\t\t<span class=\"elementor-accordion-icon elementor-accordion-icon-right\" aria-hidden=\"true\">\n\t\t\t\t\t\t\t\t\t\t\t\t\t\t\t<span class=\"elementor-accordion-icon-closed\"><i class=\"fas fa-plus\"><\/i><\/span>\n\t\t\t\t\t\t\t\t<span class=\"elementor-accordion-icon-opened\"><i class=\"fas fa-minus\"><\/i><\/span>\n\t\t\t\t\t\t\t\t\t\t\t\t\t\t<\/span>\n\t\t\t\t\t\t\t\t\t\t\t\t<a class=\"elementor-accordion-title\" tabindex=\"0\">\u00bfC\u00f3mo puedo verificar si comprar en l\u00ednea es seguro?<\/a>\n\t\t\t\t\t<\/div>\n\t\t\t\t\t<div id=\"elementor-tab-content-2583\" class=\"elementor-tab-content elementor-clearfix\" data-tab=\"3\" role=\"region\" aria-labelledby=\"elementor-tab-title-2583\"><p>En equimedsv.com se utiliza el certificado de seguridad HTTPS que protege toda su informaci\u00f3n personal al momento de realizar sus compras. Tambien usamos las pasarelas de pagos seguras para proteger su transacci\u00f3n.<\/p><\/div>\n\t\t\t\t<\/div>\n\t\t\t\t\t\t\t<div class=\"elementor-accordion-item\">\n\t\t\t\t\t<div id=\"elementor-tab-title-2584\" class=\"elementor-tab-title\" data-tab=\"4\" role=\"button\" aria-controls=\"elementor-tab-content-2584\" aria-expanded=\"false\">\n\t\t\t\t\t\t\t\t\t\t\t\t\t<span class=\"elementor-accordion-icon elementor-accordion-icon-right\" aria-hidden=\"true\">\n\t\t\t\t\t\t\t\t\t\t\t\t\t\t\t<span class=\"elementor-accordion-icon-closed\"><i class=\"fas fa-plus\"><\/i><\/span>\n\t\t\t\t\t\t\t\t<span class=\"elementor-accordion-icon-opened\"><i class=\"fas fa-minus\"><\/i><\/span>\n\t\t\t\t\t\t\t\t\t\t\t\t\t\t<\/span>\n\t\t\t\t\t\t\t\t\t\t\t\t<a class=\"elementor-accordion-title\" tabindex=\"0\">\u00bfQue puedo hacer si no encuentro lo que necesito?<\/a>\n\t\t\t\t\t<\/div>\n\t\t\t\t\t<div id=\"elementor-tab-content-2584\" class=\"elementor-tab-content elementor-clearfix\" data-tab=\"4\" role=\"region\" aria-labelledby=\"elementor-tab-title-2584\"><p>Si se le dificulta encontrar lo que necesita navegando por el men\u00fa principal, puede ingresar una palabra clave en el buscador en la parte superior derecha de la p\u00e1gina. Tambi\u00e9n puede escribirnos en nuestro chat en l\u00ednea o puede llamar al <a href=\"https:\/\/wa.me\/50378242174?text=Hola,%20estoy%20en%20su%20sitio%20web%20y%20necesito%20ayuda\"><strong><span style=\"color: #079943;\">7824-2174<\/span><\/strong><\/a>\u00a0y con gusto le ayudaremos a encontrar lo que necesita.<\/p><\/div>\n\t\t\t\t<\/div>\n\t\t\t\t\t\t\t<div class=\"elementor-accordion-item\">\n\t\t\t\t\t<div id=\"elementor-tab-title-2585\" class=\"elementor-tab-title\" data-tab=\"5\" role=\"button\" aria-controls=\"elementor-tab-content-2585\" aria-expanded=\"false\">\n\t\t\t\t\t\t\t\t\t\t\t\t\t<span class=\"elementor-accordion-icon elementor-accordion-icon-right\" aria-hidden=\"true\">\n\t\t\t\t\t\t\t\t\t\t\t\t\t\t\t<span class=\"elementor-accordion-icon-closed\"><i class=\"fas fa-plus\"><\/i><\/span>\n\t\t\t\t\t\t\t\t<span class=\"elementor-accordion-icon-opened\"><i class=\"fas fa-minus\"><\/i><\/span>\n\t\t\t\t\t\t\t\t\t\t\t\t\t\t<\/span>\n\t\t\t\t\t\t\t\t\t\t\t\t<a class=\"elementor-accordion-title\" tabindex=\"0\">\u00bfCu\u00e1l es el costo de env\u00edo para las compras que realice en la tienda en l\u00ednea?<\/a>\n\t\t\t\t\t<\/div>\n\t\t\t\t\t<div id=\"elementor-tab-content-2585\" class=\"elementor-tab-content elementor-clearfix\" data-tab=\"5\" role=\"region\" aria-labelledby=\"elementor-tab-title-2585\"><p>El costo del env\u00edo ser\u00e1 determinado una vez que termine sus compras en equimedsv.com.<\/p><\/div>\n\t\t\t\t<\/div>\n\t\t\t\t\t\t\t<div class=\"elementor-accordion-item\">\n\t\t\t\t\t<div id=\"elementor-tab-title-2586\" class=\"elementor-tab-title\" data-tab=\"6\" role=\"button\" aria-controls=\"elementor-tab-content-2586\" aria-expanded=\"false\">\n\t\t\t\t\t\t\t\t\t\t\t\t\t<span class=\"elementor-accordion-icon elementor-accordion-icon-right\" aria-hidden=\"true\">\n\t\t\t\t\t\t\t\t\t\t\t\t\t\t\t<span class=\"elementor-accordion-icon-closed\"><i class=\"fas fa-plus\"><\/i><\/span>\n\t\t\t\t\t\t\t\t<span class=\"elementor-accordion-icon-opened\"><i class=\"fas fa-minus\"><\/i><\/span>\n\t\t\t\t\t\t\t\t\t\t\t\t\t\t<\/span>\n\t\t\t\t\t\t\t\t\t\t\t\t<a class=\"elementor-accordion-title\" tabindex=\"0\">\u00bfHay productos que tienen gastos de env\u00edo m\u00e1s elevados?<\/a>\n\t\t\t\t\t<\/div>\n\t\t\t\t\t<div id=\"elementor-tab-content-2586\" class=\"elementor-tab-content elementor-clearfix\" data-tab=\"6\" role=\"region\" aria-labelledby=\"elementor-tab-title-2586\"><p>El gasto de env\u00edo ser\u00e1 determinado por el volumen y el peso que tenga el pedido que realiz\u00f3 durante su compra.<\/p><\/div>\n\t\t\t\t<\/div>\n\t\t\t\t\t\t\t<div class=\"elementor-accordion-item\">\n\t\t\t\t\t<div id=\"elementor-tab-title-2587\" class=\"elementor-tab-title\" data-tab=\"7\" role=\"button\" aria-controls=\"elementor-tab-content-2587\" aria-expanded=\"false\">\n\t\t\t\t\t\t\t\t\t\t\t\t\t<span class=\"elementor-accordion-icon elementor-accordion-icon-right\" aria-hidden=\"true\">\n\t\t\t\t\t\t\t\t\t\t\t\t\t\t\t<span class=\"elementor-accordion-icon-closed\"><i class=\"fas fa-plus\"><\/i><\/span>\n\t\t\t\t\t\t\t\t<span class=\"elementor-accordion-icon-opened\"><i class=\"fas fa-minus\"><\/i><\/span>\n\t\t\t\t\t\t\t\t\t\t\t\t\t\t<\/span>\n\t\t\t\t\t\t\t\t\t\t\t\t<a class=\"elementor-accordion-title\" tabindex=\"0\">\u00bfC\u00f3mo puedo contactarlos si tengo dudas o quejas sobre mi pedido?<\/a>\n\t\t\t\t\t<\/div>\n\t\t\t\t\t<div id=\"elementor-tab-content-2587\" class=\"elementor-tab-content elementor-clearfix\" data-tab=\"7\" role=\"region\" aria-labelledby=\"elementor-tab-title-2587\"><p>Si tiene alguna duda o queja, puede completar el siguiente <span style=\"color: #079943;\"><a style=\"color: #079943;\" href=\"https:\/\/equimedsv.com\/en\/contactanos\/\"><strong>formulario<\/strong><\/a><\/span> o contactar a los asesores encargados al n\u00famero de tel\u00e9fono <strong><span style=\"color: #079943;\">7824-2174<\/span><\/strong>.<\/p><\/div>\n\t\t\t\t<\/div>\n\t\t\t\t\t\t\t<div class=\"elementor-accordion-item\">\n\t\t\t\t\t<div id=\"elementor-tab-title-2588\" class=\"elementor-tab-title\" data-tab=\"8\" role=\"button\" aria-controls=\"elementor-tab-content-2588\" aria-expanded=\"false\">\n\t\t\t\t\t\t\t\t\t\t\t\t\t<span class=\"elementor-accordion-icon elementor-accordion-icon-right\" aria-hidden=\"true\">\n\t\t\t\t\t\t\t\t\t\t\t\t\t\t\t<span class=\"elementor-accordion-icon-closed\"><i class=\"fas fa-plus\"><\/i><\/span>\n\t\t\t\t\t\t\t\t<span class=\"elementor-accordion-icon-opened\"><i class=\"fas fa-minus\"><\/i><\/span>\n\t\t\t\t\t\t\t\t\t\t\t\t\t\t<\/span>\n\t\t\t\t\t\t\t\t\t\t\t\t<a class=\"elementor-accordion-title\" tabindex=\"0\">\u00bfCu\u00e1les opciones tengo para pagar en la p\u00e1gina?<\/a>\n\t\t\t\t\t<\/div>\n\t\t\t\t\t<div id=\"elementor-tab-content-2588\" class=\"elementor-tab-content elementor-clearfix\" data-tab=\"8\" role=\"region\" aria-labelledby=\"elementor-tab-title-2588\"><p>En nuestro sitio web equimedsv.com podr\u00e1 cancelar unicamente a travez de pagos con tarjetas de cr\u00e9dito o d\u00e9bito.<\/p><\/div>\n\t\t\t\t<\/div>\n\t\t\t\t\t\t\t\t<\/div>\n\t\t\t\t\t\t<\/div>\n\t\t\t\t<\/div>\n\t\t\t\t\t<\/div>\n\t\t<\/div>\n\t\t\t\t\t<\/div>\n\t\t<\/section>\n\t\t\t\t<\/div>","protected":false},"excerpt":{"rendered":"<p>Preguntas Frecuentes \u00bfC\u00f3mo puedo comprar en equimedsv.com? 1. Ingresa a nuestro sitio\u00a0https:\/\/equimedsv.com 2. Busca y encuentra lo que necesitas navegando<\/p>","protected":false},"author":1,"featured_media":0,"parent":0,"menu_order":0,"comment_status":"closed","ping_status":"closed","template":"","meta":{"footnotes":""},"class_list":["post-443","page","type-page","status-publish","hentry"],"yoast_head":"<!-- This site is optimized with the Yoast SEO plugin v26.7 - https:\/\/yoast.com\/wordpress\/plugins\/seo\/ -->\n<title>Preguntas Frecuentes - Equimed El Salvador<\/title>\n<meta name=\"robots\" content=\"index, follow, max-snippet:-1, max-image-preview:large, max-video-preview:-1\" \/>\n<link rel=\"canonical\" href=\"https:\/\/equimedsv.com\/en\/preguntas-frecuentes\/\" \/>\n<meta property=\"og:locale\" content=\"en_US\" \/>\n<meta property=\"og:type\" content=\"article\" \/>\n<meta property=\"og:title\" content=\"Preguntas Frecuentes - Equimed El Salvador\" \/>\n<meta property=\"og:description\" content=\"Preguntas Frecuentes \u00bfC\u00f3mo puedo comprar en equimedsv.com? 1. Ingresa a nuestro sitio\u00a0https:\/\/equimedsv.com 2. Busca y encuentra lo que necesitas navegando\" \/>\n<meta property=\"og:url\" content=\"https:\/\/equimedsv.com\/en\/preguntas-frecuentes\/\" \/>\n<meta property=\"og:site_name\" content=\"Equimed El Salvador\" \/>\n<meta property=\"article:publisher\" content=\"https:\/\/es-la.facebook.com\/Equimedsv\/\" \/>\n<meta property=\"article:modified_time\" content=\"2025-01-28T12:41:15+00:00\" \/>\n<meta property=\"og:image\" content=\"https:\/\/equimedsv.com\/wp-content\/uploads\/2021\/10\/2021-10-06_04h40_08-1-1024x443.png\" \/>\n<meta name=\"twitter:card\" content=\"summary_large_image\" \/>\n<meta name=\"twitter:site\" content=\"@equimedsv\" \/>\n<meta name=\"twitter:label1\" content=\"Est. reading time\" \/>\n\t<meta name=\"twitter:data1\" content=\"2 minutes\" \/>\n<script type=\"application\/ld+json\" class=\"yoast-schema-graph\">{\"@context\":\"https:\/\/schema.org\",\"@graph\":[{\"@type\":\"WebPage\",\"@id\":\"https:\/\/equimedsv.com\/preguntas-frecuentes\/\",\"url\":\"https:\/\/equimedsv.com\/preguntas-frecuentes\/\",\"name\":\"Preguntas Frecuentes - Equimed El Salvador\",\"isPartOf\":{\"@id\":\"https:\/\/equimedsv.com\/#website\"},\"primaryImageOfPage\":{\"@id\":\"https:\/\/equimedsv.com\/preguntas-frecuentes\/#primaryimage\"},\"image\":{\"@id\":\"https:\/\/equimedsv.com\/preguntas-frecuentes\/#primaryimage\"},\"thumbnailUrl\":\"https:\/\/equimedsv.com\/wp-content\/uploads\/2021\/10\/2021-10-06_04h40_08-1-1024x443.png\",\"datePublished\":\"2020-10-09T05:25:40+00:00\",\"dateModified\":\"2025-01-28T12:41:15+00:00\",\"breadcrumb\":{\"@id\":\"https:\/\/equimedsv.com\/preguntas-frecuentes\/#breadcrumb\"},\"inLanguage\":\"en-US\",\"potentialAction\":[{\"@type\":\"ReadAction\",\"target\":[\"https:\/\/equimedsv.com\/preguntas-frecuentes\/\"]}]},{\"@type\":\"ImageObject\",\"inLanguage\":\"en-US\",\"@id\":\"https:\/\/equimedsv.com\/preguntas-frecuentes\/#primaryimage\",\"url\":\"https:\/\/equimedsv.com\/wp-content\/uploads\/2021\/10\/2021-10-06_04h40_08-1-1024x443.png\",\"contentUrl\":\"https:\/\/equimedsv.com\/wp-content\/uploads\/2021\/10\/2021-10-06_04h40_08-1-1024x443.png\"},{\"@type\":\"BreadcrumbList\",\"@id\":\"https:\/\/equimedsv.com\/preguntas-frecuentes\/#breadcrumb\",\"itemListElement\":[{\"@type\":\"ListItem\",\"position\":1,\"name\":\"Portada\",\"item\":\"https:\/\/equimedsv.com\/\"},{\"@type\":\"ListItem\",\"position\":2,\"name\":\"Preguntas Frecuentes\"}]},{\"@type\":\"WebSite\",\"@id\":\"https:\/\/equimedsv.com\/#website\",\"url\":\"https:\/\/equimedsv.com\/\",\"name\":\"Equimed El Salvador\",\"description\":\"Distribuci\u00f3n, Venta y Reparaci\u00f3n de Equipos M\u00e9dicos y Hospitalario\",\"publisher\":{\"@id\":\"https:\/\/equimedsv.com\/#organization\"},\"potentialAction\":[{\"@type\":\"SearchAction\",\"target\":{\"@type\":\"EntryPoint\",\"urlTemplate\":\"https:\/\/equimedsv.com\/?s={search_term_string}\"},\"query-input\":{\"@type\":\"PropertyValueSpecification\",\"valueRequired\":true,\"valueName\":\"search_term_string\"}}],\"inLanguage\":\"en-US\"},{\"@type\":\"Organization\",\"@id\":\"https:\/\/equimedsv.com\/#organization\",\"name\":\"Equimed El Salvador\",\"url\":\"https:\/\/equimedsv.com\/\",\"logo\":{\"@type\":\"ImageObject\",\"inLanguage\":\"en-US\",\"@id\":\"https:\/\/equimedsv.com\/#\/schema\/logo\/image\/\",\"url\":\"https:\/\/equimedsv.com\/wp-content\/uploads\/2021\/10\/Logo-equimed-actual.png\",\"contentUrl\":\"https:\/\/equimedsv.com\/wp-content\/uploads\/2021\/10\/Logo-equimed-actual.png\",\"width\":3426,\"height\":731,\"caption\":\"Equimed El Salvador\"},\"image\":{\"@id\":\"https:\/\/equimedsv.com\/#\/schema\/logo\/image\/\"},\"sameAs\":[\"https:\/\/es-la.facebook.com\/Equimedsv\/\",\"https:\/\/x.com\/equimedsv\",\"https:\/\/www.instagram.com\/equimed_sv\/\"]}]}<\/script>\n<!-- \/ Yoast SEO plugin. -->","yoast_head_json":{"title":"Preguntas Frecuentes - Equimed El Salvador","robots":{"index":"index","follow":"follow","max-snippet":"max-snippet:-1","max-image-preview":"max-image-preview:large","max-video-preview":"max-video-preview:-1"},"canonical":"https:\/\/equimedsv.com\/en\/preguntas-frecuentes\/","og_locale":"en_US","og_type":"article","og_title":"Preguntas Frecuentes - Equimed El Salvador","og_description":"Preguntas Frecuentes \u00bfC\u00f3mo puedo comprar en equimedsv.com? 1. Ingresa a nuestro sitio\u00a0https:\/\/equimedsv.com 2. Busca y encuentra lo que necesitas navegando","og_url":"https:\/\/equimedsv.com\/en\/preguntas-frecuentes\/","og_site_name":"Equimed El Salvador","article_publisher":"https:\/\/es-la.facebook.com\/Equimedsv\/","article_modified_time":"2025-01-28T12:41:15+00:00","og_image":[{"url":"https:\/\/equimedsv.com\/wp-content\/uploads\/2021\/10\/2021-10-06_04h40_08-1-1024x443.png","type":"","width":"","height":""}],"twitter_card":"summary_large_image","twitter_site":"@equimedsv","twitter_misc":{"Est. reading time":"2 minutes"},"schema":{"@context":"https:\/\/schema.org","@graph":[{"@type":"WebPage","@id":"https:\/\/equimedsv.com\/preguntas-frecuentes\/","url":"https:\/\/equimedsv.com\/preguntas-frecuentes\/","name":"Preguntas Frecuentes - Equimed El Salvador","isPartOf":{"@id":"https:\/\/equimedsv.com\/#website"},"primaryImageOfPage":{"@id":"https:\/\/equimedsv.com\/preguntas-frecuentes\/#primaryimage"},"image":{"@id":"https:\/\/equimedsv.com\/preguntas-frecuentes\/#primaryimage"},"thumbnailUrl":"https:\/\/equimedsv.com\/wp-content\/uploads\/2021\/10\/2021-10-06_04h40_08-1-1024x443.png","datePublished":"2020-10-09T05:25:40+00:00","dateModified":"2025-01-28T12:41:15+00:00","breadcrumb":{"@id":"https:\/\/equimedsv.com\/preguntas-frecuentes\/#breadcrumb"},"inLanguage":"en-US","potentialAction":[{"@type":"ReadAction","target":["https:\/\/equimedsv.com\/preguntas-frecuentes\/"]}]},{"@type":"ImageObject","inLanguage":"en-US","@id":"https:\/\/equimedsv.com\/preguntas-frecuentes\/#primaryimage","url":"https:\/\/equimedsv.com\/wp-content\/uploads\/2021\/10\/2021-10-06_04h40_08-1-1024x443.png","contentUrl":"https:\/\/equimedsv.com\/wp-content\/uploads\/2021\/10\/2021-10-06_04h40_08-1-1024x443.png"},{"@type":"BreadcrumbList","@id":"https:\/\/equimedsv.com\/preguntas-frecuentes\/#breadcrumb","itemListElement":[{"@type":"ListItem","position":1,"name":"Portada","item":"https:\/\/equimedsv.com\/"},{"@type":"ListItem","position":2,"name":"Preguntas Frecuentes"}]},{"@type":"WebSite","@id":"https:\/\/equimedsv.com\/#website","url":"https:\/\/equimedsv.com\/","name":"Equimed El Salvador","description":"Distribuci\u00f3n, Venta y Reparaci\u00f3n de Equipos M\u00e9dicos y Hospitalario","publisher":{"@id":"https:\/\/equimedsv.com\/#organization"},"potentialAction":[{"@type":"SearchAction","target":{"@type":"EntryPoint","urlTemplate":"https:\/\/equimedsv.com\/?s={search_term_string}"},"query-input":{"@type":"PropertyValueSpecification","valueRequired":true,"valueName":"search_term_string"}}],"inLanguage":"en-US"},{"@type":"Organization","@id":"https:\/\/equimedsv.com\/#organization","name":"Equimed El Salvador","url":"https:\/\/equimedsv.com\/","logo":{"@type":"ImageObject","inLanguage":"en-US","@id":"https:\/\/equimedsv.com\/#\/schema\/logo\/image\/","url":"https:\/\/equimedsv.com\/wp-content\/uploads\/2021\/10\/Logo-equimed-actual.png","contentUrl":"https:\/\/equimedsv.com\/wp-content\/uploads\/2021\/10\/Logo-equimed-actual.png","width":3426,"height":731,"caption":"Equimed El Salvador"},"image":{"@id":"https:\/\/equimedsv.com\/#\/schema\/logo\/image\/"},"sameAs":["https:\/\/es-la.facebook.com\/Equimedsv\/","https:\/\/x.com\/equimedsv","https:\/\/www.instagram.com\/equimed_sv\/"]}]}},"jetpack_sharing_enabled":true,"_links":{"self":[{"href":"https:\/\/equimedsv.com\/en\/wp-json\/wp\/v2\/pages\/443","targetHints":{"allow":["GET"]}}],"collection":[{"href":"https:\/\/equimedsv.com\/en\/wp-json\/wp\/v2\/pages"}],"about":[{"href":"https:\/\/equimedsv.com\/en\/wp-json\/wp\/v2\/types\/page"}],"author":[{"embeddable":true,"href":"https:\/\/equimedsv.com\/en\/wp-json\/wp\/v2\/users\/1"}],"replies":[{"embeddable":true,"href":"https:\/\/equimedsv.com\/en\/wp-json\/wp\/v2\/comments?post=443"}],"version-history":[{"count":44,"href":"https:\/\/equimedsv.com\/en\/wp-json\/wp\/v2\/pages\/443\/revisions"}],"predecessor-version":[{"id":15810,"href":"https:\/\/equimedsv.com\/en\/wp-json\/wp\/v2\/pages\/443\/revisions\/15810"}],"wp:attachment":[{"href":"https:\/\/equimedsv.com\/en\/wp-json\/wp\/v2\/media?parent=443"}],"curies":[{"name":"wp","href":"https:\/\/api.w.org\/{rel}","templated":true}]}}