{"id":54,"date":"2020-09-11T16:36:23","date_gmt":"2020-09-11T16:36:23","guid":{"rendered":"http:\/\/klbtheme.com\/medibazar\/cart\/"},"modified":"2021-10-06T21:34:22","modified_gmt":"2021-10-07T03:34:22","slug":"carrito","status":"publish","type":"page","link":"https:\/\/equimedsv.com\/en\/carrito\/","title":{"rendered":"Carrito"},"content":{"rendered":"","protected":false},"excerpt":{"rendered":"","protected":false},"author":1,"featured_media":1606,"parent":0,"menu_order":0,"comment_status":"closed","ping_status":"closed","template":"","meta":{"footnotes":""},"class_list":["post-54","page","type-page","status-publish","has-post-thumbnail","hentry"],"yoast_head":"\nCarrito - Equimed El Salvador<\/title>\n<meta name=\"description\" content=\"Venta de Equipo Medico y Hospitalario. Sillas de ruedas, andaderas, canapes, bastones, diabetes e hipertension, equipo medico\" \/>\n<meta name=\"robots\" content=\"noindex, nofollow\" \/>\n<meta property=\"og:locale\" content=\"en_US\" \/>\n<meta property=\"og:type\" content=\"article\" \/>\n<meta property=\"og:title\" content=\"Carrito - Equimed El Salvador\" \/>\n<meta property=\"og:description\" content=\"Venta de Equipo Medico y Hospitalario. Sillas de ruedas, andaderas, canapes, bastones, diabetes e hipertension, equipo medico\" \/>\n<meta property=\"og:url\" content=\"https:\/\/equimedsv.com\/en\/carrito\/\" \/>\n<meta property=\"og:site_name\" content=\"Equimed El Salvador\" \/>\n<meta property=\"article:publisher\" content=\"https:\/\/es-la.facebook.com\/Equimedsv\/\" \/>\n<meta property=\"article:modified_time\" content=\"2021-10-07T03:34:22+00:00\" \/>\n<meta property=\"og:image\" content=\"https:\/\/equimedsv.com\/wp-content\/uploads\/2021\/10\/Webp.net-resizeimage-1.png\" \/>\n\t<meta property=\"og:image:width\" content=\"128\" \/>\n\t<meta property=\"og:image:height\" content=\"128\" \/>\n\t<meta property=\"og:image:type\" content=\"image\/png\" \/>\n<meta name=\"twitter:card\" content=\"summary_large_image\" \/>\n<meta name=\"twitter:site\" content=\"@equimedsv\" \/>\n<meta name=\"twitter:label1\" content=\"Est. reading time\" \/>\n\t<meta name=\"twitter:data1\" content=\"1 minute\" \/>\n<script type=\"application\/ld+json\" class=\"yoast-schema-graph\">{\"@context\":\"https:\/\/schema.org\",\"@graph\":[{\"@type\":\"WebPage\",\"@id\":\"https:\/\/equimedsv.com\/carrito\/\",\"url\":\"https:\/\/equimedsv.com\/carrito\/\",\"name\":\"Carrito - Equimed El Salvador\",\"isPartOf\":{\"@id\":\"https:\/\/equimedsv.com\/#website\"},\"primaryImageOfPage\":{\"@id\":\"https:\/\/equimedsv.com\/carrito\/#primaryimage\"},\"image\":{\"@id\":\"https:\/\/equimedsv.com\/carrito\/#primaryimage\"},\"thumbnailUrl\":\"https:\/\/equimedsv.com\/wp-content\/uploads\/2021\/10\/Webp.net-resizeimage-1.png\",\"datePublished\":\"2020-09-11T16:36:23+00:00\",\"dateModified\":\"2021-10-07T03:34:22+00:00\",\"description\":\"Venta de Equipo Medico y Hospitalario. Sillas de ruedas, andaderas, canapes, bastones, diabetes e hipertension, equipo medico\",\"breadcrumb\":{\"@id\":\"https:\/\/equimedsv.com\/carrito\/#breadcrumb\"},\"inLanguage\":\"en-US\",\"potentialAction\":[{\"@type\":\"ReadAction\",\"target\":[\"https:\/\/equimedsv.com\/carrito\/\"]}]},{\"@type\":\"ImageObject\",\"inLanguage\":\"en-US\",\"@id\":\"https:\/\/equimedsv.com\/carrito\/#primaryimage\",\"url\":\"https:\/\/equimedsv.com\/wp-content\/uploads\/2021\/10\/Webp.net-resizeimage-1.png\",\"contentUrl\":\"https:\/\/equimedsv.com\/wp-content\/uploads\/2021\/10\/Webp.net-resizeimage-1.png\",\"width\":128,\"height\":128},{\"@type\":\"BreadcrumbList\",\"@id\":\"https:\/\/equimedsv.com\/carrito\/#breadcrumb\",\"itemListElement\":[{\"@type\":\"ListItem\",\"position\":1,\"name\":\"Portada\",\"item\":\"https:\/\/equimedsv.com\/\"},{\"@type\":\"ListItem\",\"position\":2,\"name\":\"Carrito\"}]},{\"@type\":\"WebSite\",\"@id\":\"https:\/\/equimedsv.com\/#website\",\"url\":\"https:\/\/equimedsv.com\/\",\"name\":\"Equimed El Salvador\",\"description\":\"Distribuci\u00f3n, Venta y Reparaci\u00f3n de Equipos M\u00e9dicos y Hospitalario\",\"publisher\":{\"@id\":\"https:\/\/equimedsv.com\/#organization\"},\"potentialAction\":[{\"@type\":\"SearchAction\",\"target\":{\"@type\":\"EntryPoint\",\"urlTemplate\":\"https:\/\/equimedsv.com\/?s={search_term_string}\"},\"query-input\":{\"@type\":\"PropertyValueSpecification\",\"valueRequired\":true,\"valueName\":\"search_term_string\"}}],\"inLanguage\":\"en-US\"},{\"@type\":\"Organization\",\"@id\":\"https:\/\/equimedsv.com\/#organization\",\"name\":\"Equimed El Salvador\",\"url\":\"https:\/\/equimedsv.com\/\",\"logo\":{\"@type\":\"ImageObject\",\"inLanguage\":\"en-US\",\"@id\":\"https:\/\/equimedsv.com\/#\/schema\/logo\/image\/\",\"url\":\"https:\/\/equimedsv.com\/wp-content\/uploads\/2021\/10\/Logo-equimed-actual.png\",\"contentUrl\":\"https:\/\/equimedsv.com\/wp-content\/uploads\/2021\/10\/Logo-equimed-actual.png\",\"width\":3426,\"height\":731,\"caption\":\"Equimed El Salvador\"},\"image\":{\"@id\":\"https:\/\/equimedsv.com\/#\/schema\/logo\/image\/\"},\"sameAs\":[\"https:\/\/es-la.facebook.com\/Equimedsv\/\",\"https:\/\/x.com\/equimedsv\",\"https:\/\/www.instagram.com\/equimed_sv\/\"]}]}<\/script>\n<!-- \/ Yoast SEO plugin. -->","yoast_head_json":{"title":"Carrito - Equimed El Salvador","description":"Venta de Equipo Medico y Hospitalario. Sillas de ruedas, andaderas, canapes, bastones, diabetes e hipertension, equipo medico","robots":{"index":"noindex","follow":"nofollow"},"og_locale":"en_US","og_type":"article","og_title":"Carrito - Equimed El Salvador","og_description":"Venta de Equipo Medico y Hospitalario. Sillas de ruedas, andaderas, canapes, bastones, diabetes e hipertension, equipo medico","og_url":"https:\/\/equimedsv.com\/en\/carrito\/","og_site_name":"Equimed El Salvador","article_publisher":"https:\/\/es-la.facebook.com\/Equimedsv\/","article_modified_time":"2021-10-07T03:34:22+00:00","og_image":[{"width":128,"height":128,"url":"https:\/\/equimedsv.com\/wp-content\/uploads\/2021\/10\/Webp.net-resizeimage-1.png","type":"image\/png"}],"twitter_card":"summary_large_image","twitter_site":"@equimedsv","twitter_misc":{"Est. reading time":"1 minute"},"schema":{"@context":"https:\/\/schema.org","@graph":[{"@type":"WebPage","@id":"https:\/\/equimedsv.com\/carrito\/","url":"https:\/\/equimedsv.com\/carrito\/","name":"Carrito - Equimed El Salvador","isPartOf":{"@id":"https:\/\/equimedsv.com\/#website"},"primaryImageOfPage":{"@id":"https:\/\/equimedsv.com\/carrito\/#primaryimage"},"image":{"@id":"https:\/\/equimedsv.com\/carrito\/#primaryimage"},"thumbnailUrl":"https:\/\/equimedsv.com\/wp-content\/uploads\/2021\/10\/Webp.net-resizeimage-1.png","datePublished":"2020-09-11T16:36:23+00:00","dateModified":"2021-10-07T03:34:22+00:00","description":"Venta de Equipo Medico y Hospitalario. Sillas de ruedas, andaderas, canapes, bastones, diabetes e hipertension, equipo medico","breadcrumb":{"@id":"https:\/\/equimedsv.com\/carrito\/#breadcrumb"},"inLanguage":"en-US","potentialAction":[{"@type":"ReadAction","target":["https:\/\/equimedsv.com\/carrito\/"]}]},{"@type":"ImageObject","inLanguage":"en-US","@id":"https:\/\/equimedsv.com\/carrito\/#primaryimage","url":"https:\/\/equimedsv.com\/wp-content\/uploads\/2021\/10\/Webp.net-resizeimage-1.png","contentUrl":"https:\/\/equimedsv.com\/wp-content\/uploads\/2021\/10\/Webp.net-resizeimage-1.png","width":128,"height":128},{"@type":"BreadcrumbList","@id":"https:\/\/equimedsv.com\/carrito\/#breadcrumb","itemListElement":[{"@type":"ListItem","position":1,"name":"Portada","item":"https:\/\/equimedsv.com\/"},{"@type":"ListItem","position":2,"name":"Carrito"}]},{"@type":"WebSite","@id":"https:\/\/equimedsv.com\/#website","url":"https:\/\/equimedsv.com\/","name":"Equimed El Salvador","description":"Distribuci\u00f3n, Venta y Reparaci\u00f3n de Equipos M\u00e9dicos y Hospitalario","publisher":{"@id":"https:\/\/equimedsv.com\/#organization"},"potentialAction":[{"@type":"SearchAction","target":{"@type":"EntryPoint","urlTemplate":"https:\/\/equimedsv.com\/?s={search_term_string}"},"query-input":{"@type":"PropertyValueSpecification","valueRequired":true,"valueName":"search_term_string"}}],"inLanguage":"en-US"},{"@type":"Organization","@id":"https:\/\/equimedsv.com\/#organization","name":"Equimed El Salvador","url":"https:\/\/equimedsv.com\/","logo":{"@type":"ImageObject","inLanguage":"en-US","@id":"https:\/\/equimedsv.com\/#\/schema\/logo\/image\/","url":"https:\/\/equimedsv.com\/wp-content\/uploads\/2021\/10\/Logo-equimed-actual.png","contentUrl":"https:\/\/equimedsv.com\/wp-content\/uploads\/2021\/10\/Logo-equimed-actual.png","width":3426,"height":731,"caption":"Equimed El Salvador"},"image":{"@id":"https:\/\/equimedsv.com\/#\/schema\/logo\/image\/"},"sameAs":["https:\/\/es-la.facebook.com\/Equimedsv\/","https:\/\/x.com\/equimedsv","https:\/\/www.instagram.com\/equimed_sv\/"]}]}},"jetpack_sharing_enabled":true,"_links":{"self":[{"href":"https:\/\/equimedsv.com\/en\/wp-json\/wp\/v2\/pages\/54","targetHints":{"allow":["GET"]}}],"collection":[{"href":"https:\/\/equimedsv.com\/en\/wp-json\/wp\/v2\/pages"}],"about":[{"href":"https:\/\/equimedsv.com\/en\/wp-json\/wp\/v2\/types\/page"}],"author":[{"embeddable":true,"href":"https:\/\/equimedsv.com\/en\/wp-json\/wp\/v2\/users\/1"}],"replies":[{"embeddable":true,"href":"https:\/\/equimedsv.com\/en\/wp-json\/wp\/v2\/comments?post=54"}],"version-history":[{"count":2,"href":"https:\/\/equimedsv.com\/en\/wp-json\/wp\/v2\/pages\/54\/revisions"}],"predecessor-version":[{"id":1633,"href":"https:\/\/equimedsv.com\/en\/wp-json\/wp\/v2\/pages\/54\/revisions\/1633"}],"wp:featuredmedia":[{"embeddable":true,"href":"https:\/\/equimedsv.com\/en\/wp-json\/wp\/v2\/media\/1606"}],"wp:attachment":[{"href":"https:\/\/equimedsv.com\/en\/wp-json\/wp\/v2\/media?parent=54"}],"curies":[{"name":"wp","href":"https:\/\/api.w.org\/{rel}","templated":true}]}}