{"id":1423,"date":"2021-09-30T22:06:42","date_gmt":"2021-10-01T04:06:42","guid":{"rendered":"https:\/\/equimedsv.com\/?post_type=product&#038;p=1423"},"modified":"2024-11-07T11:50:37","modified_gmt":"2024-11-07T17:50:37","slug":"martillo-de-reflejos-buck-reflex-gm-175","status":"publish","type":"product","link":"https:\/\/equimedsv.com\/en\/product\/martillo-de-reflejos-buck-reflex-gm-175\/","title":{"rendered":"Martillo de Reflejos neurologico GM-175"},"content":{"rendered":"<p>Caracter\u00edsticas:<\/p>\n<p>Balance ponderado, cabeza<br \/>\n2 caras con el mazo de<br \/>\npeque\u00f1os y grandes y manija<br \/>\ncromada incluye una punta<br \/>\npunto de rosca y el pincel.<br \/>\nLongitud total: 7-1 \/ 2\u201d.<br \/>\nLibre de l\u00e1tex.<\/p>","protected":false},"excerpt":{"rendered":"<p><strong>Brand:<\/strong> Buck Reflex<br \/>\n<strong>Modelo:<\/strong> GM-175<\/p>","protected":false},"featured_media":1424,"comment_status":"open","ping_status":"closed","template":"","meta":[],"product_brand":[],"product_cat":[49],"product_tag":[78,73,74],"class_list":{"0":"post-1423","1":"product","2":"type-product","3":"status-publish","4":"has-post-thumbnail","6":"product_cat-medico-y-estudiantil","7":"product_tag-buck-reflex","8":"product_tag-diagnostico","9":"product_tag-equipo-medico","11":"first","12":"instock","13":"taxable","14":"shipping-taxable","15":"purchasable","16":"product-type-simple"},"yoast_head":"<!-- This site is optimized with the Yoast SEO plugin v26.7 - https:\/\/yoast.com\/wordpress\/plugins\/seo\/ -->\n<title>Martillo de Reflejos neurologico GM-175 - Equimed El Salvador<\/title>\n<meta name=\"description\" content=\"Martillo de Reflejos Buck R\u00e9flex GM-175\" \/>\n<meta name=\"robots\" content=\"index, follow, max-snippet:-1, max-image-preview:large, max-video-preview:-1\" \/>\n<link rel=\"canonical\" href=\"https:\/\/equimedsv.com\/en\/product\/martillo-de-reflejos-buck-reflex-gm-175\/\" \/>\n<meta property=\"og:locale\" content=\"en_US\" \/>\n<meta property=\"og:type\" content=\"article\" \/>\n<meta property=\"og:title\" content=\"Martillo de Reflejos neurologico GM-175 - Equimed El Salvador\" \/>\n<meta property=\"og:description\" content=\"Martillo de Reflejos Buck R\u00e9flex GM-175\" \/>\n<meta property=\"og:url\" content=\"https:\/\/equimedsv.com\/en\/product\/martillo-de-reflejos-buck-reflex-gm-175\/\" \/>\n<meta property=\"og:site_name\" content=\"Equimed El Salvador\" \/>\n<meta property=\"article:publisher\" content=\"https:\/\/es-la.facebook.com\/Equimedsv\/\" \/>\n<meta property=\"article:modified_time\" content=\"2024-11-07T17:50:37+00:00\" \/>\n<meta property=\"og:image\" content=\"https:\/\/equimedsv.com\/wp-content\/uploads\/2021\/09\/martillo-crom.png\" \/>\n\t<meta property=\"og:image:width\" content=\"693\" \/>\n\t<meta property=\"og:image:height\" content=\"499\" \/>\n\t<meta property=\"og:image:type\" content=\"image\/png\" \/>\n<meta name=\"twitter:card\" content=\"summary_large_image\" \/>\n<meta name=\"twitter:site\" content=\"@equimedsv\" \/>\n<script type=\"application\/ld+json\" class=\"yoast-schema-graph\">{\"@context\":\"https:\/\/schema.org\",\"@graph\":[{\"@type\":\"WebPage\",\"@id\":\"https:\/\/equimedsv.com\/product\/martillo-de-reflejos-buck-reflex-gm-175\/\",\"url\":\"https:\/\/equimedsv.com\/product\/martillo-de-reflejos-buck-reflex-gm-175\/\",\"name\":\"Martillo de Reflejos neurologico GM-175 - Equimed El Salvador\",\"isPartOf\":{\"@id\":\"https:\/\/equimedsv.com\/#website\"},\"primaryImageOfPage\":{\"@id\":\"https:\/\/equimedsv.com\/product\/martillo-de-reflejos-buck-reflex-gm-175\/#primaryimage\"},\"image\":{\"@id\":\"https:\/\/equimedsv.com\/product\/martillo-de-reflejos-buck-reflex-gm-175\/#primaryimage\"},\"thumbnailUrl\":\"https:\/\/equimedsv.com\/wp-content\/uploads\/2021\/09\/martillo-crom.png\",\"datePublished\":\"2021-10-01T04:06:42+00:00\",\"dateModified\":\"2024-11-07T17:50:37+00:00\",\"description\":\"Martillo de Reflejos Buck R\u00e9flex GM-175\",\"breadcrumb\":{\"@id\":\"https:\/\/equimedsv.com\/product\/martillo-de-reflejos-buck-reflex-gm-175\/#breadcrumb\"},\"inLanguage\":\"en-US\",\"potentialAction\":[{\"@type\":\"ReadAction\",\"target\":[\"https:\/\/equimedsv.com\/product\/martillo-de-reflejos-buck-reflex-gm-175\/\"]}]},{\"@type\":\"ImageObject\",\"inLanguage\":\"en-US\",\"@id\":\"https:\/\/equimedsv.com\/product\/martillo-de-reflejos-buck-reflex-gm-175\/#primaryimage\",\"url\":\"https:\/\/equimedsv.com\/wp-content\/uploads\/2021\/09\/martillo-crom.png\",\"contentUrl\":\"https:\/\/equimedsv.com\/wp-content\/uploads\/2021\/09\/martillo-crom.png\",\"width\":693,\"height\":499},{\"@type\":\"BreadcrumbList\",\"@id\":\"https:\/\/equimedsv.com\/product\/martillo-de-reflejos-buck-reflex-gm-175\/#breadcrumb\",\"itemListElement\":[{\"@type\":\"ListItem\",\"position\":1,\"name\":\"Portada\",\"item\":\"https:\/\/equimedsv.com\/\"},{\"@type\":\"ListItem\",\"position\":2,\"name\":\"Tienda\",\"item\":\"https:\/\/equimedsv.com\/tienda\/\"},{\"@type\":\"ListItem\",\"position\":3,\"name\":\"Martillo de Reflejos neurologico GM-175\"}]},{\"@type\":\"WebSite\",\"@id\":\"https:\/\/equimedsv.com\/#website\",\"url\":\"https:\/\/equimedsv.com\/\",\"name\":\"Equimed El Salvador\",\"description\":\"Distribuci\u00f3n, Venta y Reparaci\u00f3n de Equipos M\u00e9dicos y Hospitalario\",\"publisher\":{\"@id\":\"https:\/\/equimedsv.com\/#organization\"},\"potentialAction\":[{\"@type\":\"SearchAction\",\"target\":{\"@type\":\"EntryPoint\",\"urlTemplate\":\"https:\/\/equimedsv.com\/?s={search_term_string}\"},\"query-input\":{\"@type\":\"PropertyValueSpecification\",\"valueRequired\":true,\"valueName\":\"search_term_string\"}}],\"inLanguage\":\"en-US\"},{\"@type\":\"Organization\",\"@id\":\"https:\/\/equimedsv.com\/#organization\",\"name\":\"Equimed El Salvador\",\"url\":\"https:\/\/equimedsv.com\/\",\"logo\":{\"@type\":\"ImageObject\",\"inLanguage\":\"en-US\",\"@id\":\"https:\/\/equimedsv.com\/#\/schema\/logo\/image\/\",\"url\":\"https:\/\/equimedsv.com\/wp-content\/uploads\/2021\/10\/Logo-equimed-actual.png\",\"contentUrl\":\"https:\/\/equimedsv.com\/wp-content\/uploads\/2021\/10\/Logo-equimed-actual.png\",\"width\":3426,\"height\":731,\"caption\":\"Equimed El Salvador\"},\"image\":{\"@id\":\"https:\/\/equimedsv.com\/#\/schema\/logo\/image\/\"},\"sameAs\":[\"https:\/\/es-la.facebook.com\/Equimedsv\/\",\"https:\/\/x.com\/equimedsv\",\"https:\/\/www.instagram.com\/equimed_sv\/\"]}]}<\/script>\n<!-- \/ Yoast SEO plugin. -->","yoast_head_json":{"title":"Martillo de Reflejos neurologico GM-175 - Equimed El Salvador","description":"Martillo de Reflejos Buck R\u00e9flex GM-175","robots":{"index":"index","follow":"follow","max-snippet":"max-snippet:-1","max-image-preview":"max-image-preview:large","max-video-preview":"max-video-preview:-1"},"canonical":"https:\/\/equimedsv.com\/en\/product\/martillo-de-reflejos-buck-reflex-gm-175\/","og_locale":"en_US","og_type":"article","og_title":"Martillo de Reflejos neurologico GM-175 - Equimed El Salvador","og_description":"Martillo de Reflejos Buck R\u00e9flex GM-175","og_url":"https:\/\/equimedsv.com\/en\/product\/martillo-de-reflejos-buck-reflex-gm-175\/","og_site_name":"Equimed El Salvador","article_publisher":"https:\/\/es-la.facebook.com\/Equimedsv\/","article_modified_time":"2024-11-07T17:50:37+00:00","og_image":[{"width":693,"height":499,"url":"https:\/\/equimedsv.com\/wp-content\/uploads\/2021\/09\/martillo-crom.png","type":"image\/png"}],"twitter_card":"summary_large_image","twitter_site":"@equimedsv","schema":{"@context":"https:\/\/schema.org","@graph":[{"@type":"WebPage","@id":"https:\/\/equimedsv.com\/product\/martillo-de-reflejos-buck-reflex-gm-175\/","url":"https:\/\/equimedsv.com\/product\/martillo-de-reflejos-buck-reflex-gm-175\/","name":"Martillo de Reflejos neurologico GM-175 - Equimed El Salvador","isPartOf":{"@id":"https:\/\/equimedsv.com\/#website"},"primaryImageOfPage":{"@id":"https:\/\/equimedsv.com\/product\/martillo-de-reflejos-buck-reflex-gm-175\/#primaryimage"},"image":{"@id":"https:\/\/equimedsv.com\/product\/martillo-de-reflejos-buck-reflex-gm-175\/#primaryimage"},"thumbnailUrl":"https:\/\/equimedsv.com\/wp-content\/uploads\/2021\/09\/martillo-crom.png","datePublished":"2021-10-01T04:06:42+00:00","dateModified":"2024-11-07T17:50:37+00:00","description":"Martillo de Reflejos Buck R\u00e9flex GM-175","breadcrumb":{"@id":"https:\/\/equimedsv.com\/product\/martillo-de-reflejos-buck-reflex-gm-175\/#breadcrumb"},"inLanguage":"en-US","potentialAction":[{"@type":"ReadAction","target":["https:\/\/equimedsv.com\/product\/martillo-de-reflejos-buck-reflex-gm-175\/"]}]},{"@type":"ImageObject","inLanguage":"en-US","@id":"https:\/\/equimedsv.com\/product\/martillo-de-reflejos-buck-reflex-gm-175\/#primaryimage","url":"https:\/\/equimedsv.com\/wp-content\/uploads\/2021\/09\/martillo-crom.png","contentUrl":"https:\/\/equimedsv.com\/wp-content\/uploads\/2021\/09\/martillo-crom.png","width":693,"height":499},{"@type":"BreadcrumbList","@id":"https:\/\/equimedsv.com\/product\/martillo-de-reflejos-buck-reflex-gm-175\/#breadcrumb","itemListElement":[{"@type":"ListItem","position":1,"name":"Portada","item":"https:\/\/equimedsv.com\/"},{"@type":"ListItem","position":2,"name":"Tienda","item":"https:\/\/equimedsv.com\/tienda\/"},{"@type":"ListItem","position":3,"name":"Martillo de Reflejos neurologico GM-175"}]},{"@type":"WebSite","@id":"https:\/\/equimedsv.com\/#website","url":"https:\/\/equimedsv.com\/","name":"Equimed El Salvador","description":"Distribuci\u00f3n, Venta y Reparaci\u00f3n de Equipos M\u00e9dicos y Hospitalario","publisher":{"@id":"https:\/\/equimedsv.com\/#organization"},"potentialAction":[{"@type":"SearchAction","target":{"@type":"EntryPoint","urlTemplate":"https:\/\/equimedsv.com\/?s={search_term_string}"},"query-input":{"@type":"PropertyValueSpecification","valueRequired":true,"valueName":"search_term_string"}}],"inLanguage":"en-US"},{"@type":"Organization","@id":"https:\/\/equimedsv.com\/#organization","name":"Equimed El Salvador","url":"https:\/\/equimedsv.com\/","logo":{"@type":"ImageObject","inLanguage":"en-US","@id":"https:\/\/equimedsv.com\/#\/schema\/logo\/image\/","url":"https:\/\/equimedsv.com\/wp-content\/uploads\/2021\/10\/Logo-equimed-actual.png","contentUrl":"https:\/\/equimedsv.com\/wp-content\/uploads\/2021\/10\/Logo-equimed-actual.png","width":3426,"height":731,"caption":"Equimed El Salvador"},"image":{"@id":"https:\/\/equimedsv.com\/#\/schema\/logo\/image\/"},"sameAs":["https:\/\/es-la.facebook.com\/Equimedsv\/","https:\/\/x.com\/equimedsv","https:\/\/www.instagram.com\/equimed_sv\/"]}]}},"jetpack_sharing_enabled":true,"_links":{"self":[{"href":"https:\/\/equimedsv.com\/en\/wp-json\/wp\/v2\/product\/1423","targetHints":{"allow":["GET"]}}],"collection":[{"href":"https:\/\/equimedsv.com\/en\/wp-json\/wp\/v2\/product"}],"about":[{"href":"https:\/\/equimedsv.com\/en\/wp-json\/wp\/v2\/types\/product"}],"replies":[{"embeddable":true,"href":"https:\/\/equimedsv.com\/en\/wp-json\/wp\/v2\/comments?post=1423"}],"version-history":[{"count":1,"href":"https:\/\/equimedsv.com\/en\/wp-json\/wp\/v2\/product\/1423\/revisions"}],"predecessor-version":[{"id":1491,"href":"https:\/\/equimedsv.com\/en\/wp-json\/wp\/v2\/product\/1423\/revisions\/1491"}],"wp:featuredmedia":[{"embeddable":true,"href":"https:\/\/equimedsv.com\/en\/wp-json\/wp\/v2\/media\/1424"}],"wp:attachment":[{"href":"https:\/\/equimedsv.com\/en\/wp-json\/wp\/v2\/media?parent=1423"}],"wp:term":[{"taxonomy":"product_brand","embeddable":true,"href":"https:\/\/equimedsv.com\/en\/wp-json\/wp\/v2\/product_brand?post=1423"},{"taxonomy":"product_cat","embeddable":true,"href":"https:\/\/equimedsv.com\/en\/wp-json\/wp\/v2\/product_cat?post=1423"},{"taxonomy":"product_tag","embeddable":true,"href":"https:\/\/equimedsv.com\/en\/wp-json\/wp\/v2\/product_tag?post=1423"}],"curies":[{"name":"wp","href":"https:\/\/api.w.org\/{rel}","templated":true}]}}